{"id":6648,"date":"2025-08-22T11:26:18","date_gmt":"2025-08-22T16:26:18","guid":{"rendered":"https:\/\/illinet.org\/es\/?page_id=6648"},"modified":"2025-08-22T11:26:48","modified_gmt":"2025-08-22T16:26:48","slug":"contacto","status":"publish","type":"page","link":"https:\/\/illinet.org\/es\/contacto\/","title":{"rendered":"Contacto"},"content":{"rendered":"<p>[et_pb_section fb_built=&#8221;1&#8243; disabled_on=&#8221;off|off|off&#8221; admin_label=&#8221;Contact Us&#8221; module_id=&#8221;join&#8221; _builder_version=&#8221;4.16&#8243; background_image=&#8221;https:\/\/illinet.org\/wp-content\/uploads\/sites\/2\/2022\/02\/pexels-monstera-6998803-1-scaled-e1645164885196.jpg&#8221; background_position=&#8221;top_left&#8221; custom_padding=&#8221;90px||90px|&#8221; bottom_divider_style=&#8221;wave&#8221; bottom_divider_color=&#8221;#142750&#8243; global_colors_info=&#8221;{}&#8221;][et_pb_row column_structure=&#8221;1_2,1_2&#8243; admin_label=&#8221;Contact Form Area&#8221; _builder_version=&#8221;4.16&#8243; global_colors_info=&#8221;{}&#8221;][et_pb_column type=&#8221;1_2&#8243; _builder_version=&#8221;4.16&#8243; custom_padding=&#8221;|||&#8221; global_colors_info=&#8221;{}&#8221; custom_padding__hover=&#8221;|||&#8221;][\/et_pb_column][et_pb_column type=&#8221;1_2&#8243; _builder_version=&#8221;4.16&#8243; custom_padding=&#8221;|||&#8221; global_colors_info=&#8221;{}&#8221; custom_padding__hover=&#8221;|||&#8221;][et_pb_divider show_divider=&#8221;off&#8221; _builder_version=&#8221;4.16&#8243; _module_preset=&#8221;default&#8221; min_height=&#8221;50px&#8221; height=&#8221;50px&#8221; global_colors_info=&#8221;{}&#8221;][\/et_pb_divider][et_pb_text admin_label=&#8221;Title&#8221; _builder_version=&#8221;4.18.0&#8243; text_font=&#8221;||||||||&#8221; text_text_color=&#8221;#142750&#8243; header_font=&#8221;||||||||&#8221; header_2_font=&#8221;|600|||||||&#8221; header_2_text_color=&#8221;#142750&#8243; header_2_font_size=&#8221;40px&#8221; header_2_line_height=&#8221;1.5em&#8221; header_4_text_color=&#8221;#142750&#8243; header_4_font_size=&#8221;25px&#8221; background_color=&#8221;#FFC757&#8243; custom_margin=&#8221;||5px|&#8221; custom_padding=&#8221;10px|10px|15px|10px|false|false&#8221; animation_style=&#8221;slide&#8221; animation_direction=&#8221;top&#8221; animation_intensity_slide=&#8221;20%&#8221; animation_starting_opacity=&#8221;100%&#8221; border_radii=&#8221;on|5px|5px|5px|5px&#8221; global_module=&#8221;6345&#8243; saved_tabs=&#8221;all&#8221; global_colors_info=&#8221;{}&#8221;]<\/p>\n<h2>\u00bfQuiere seguir conectado?<\/h2>\n<p>ILLInet no est\u00e1 inscribiendo actualmente participantes en RECOVER. Sin embargo, otros estudios de COVID prolongado dirigidos por nuestros investigadores ILLInet est\u00e1n en marcha, incluidos los ensayos de tratamiento.<\/p>\n<p>Mant\u00e9ngase al d\u00eda sobre el estudio RECOVER y los anuncios de inscripci\u00f3n en COVID prolongado, eventos, noticias y estudios relacionados al COVID prolongados.<\/p>\n<p>[\/et_pb_text][et_pb_text _builder_version=&#8221;4.18.0&#8243; _module_preset=&#8221;default&#8221; global_colors_info=&#8221;{}&#8221;]<\/p>\n<p><strong><br \/>Chicago:<\/strong>\u00a0855-461-8185<\/p>\n<p><strong>Peoria:<\/strong>\u00a0309-233-0299<\/p>\n<p><strong>Email:<\/strong>\u00a0<a href=\"mailto:info@illinet.org\">info@illinet.org<\/a><\/p>\n<p>[\/et_pb_text][\/et_pb_column][\/et_pb_row][\/et_pb_section][et_pb_section fb_built=&#8221;1&#8243; disabled_on=&#8221;on|on|on&#8221; admin_label=&#8221;Mobile Contact Us&#8221; module_id=&#8221;join&#8221; _builder_version=&#8221;4.16&#8243; background_color=&#8221;#FFC757&#8243; background_image=&#8221;https:\/\/illinet.org\/wp-content\/uploads\/sites\/2\/2022\/02\/yellow-bg.png&#8221; background_position=&#8221;top_left&#8221; custom_padding=&#8221;90px||90px|&#8221; bottom_divider_style=&#8221;wave&#8221; bottom_divider_color=&#8221;#142750&#8243; disabled=&#8221;on&#8221; global_colors_info=&#8221;{}&#8221;][et_pb_row column_structure=&#8221;1_2,1_2&#8243; admin_label=&#8221;Contact Form Area&#8221; _builder_version=&#8221;4.16&#8243; global_colors_info=&#8221;{}&#8221;][et_pb_column type=&#8221;1_2&#8243; _builder_version=&#8221;4.16&#8243; custom_padding=&#8221;|||&#8221; global_colors_info=&#8221;{}&#8221; custom_padding__hover=&#8221;|||&#8221;][\/et_pb_column][et_pb_column type=&#8221;1_2&#8243; _builder_version=&#8221;4.16&#8243; custom_padding=&#8221;|||&#8221; global_colors_info=&#8221;{}&#8221; custom_padding__hover=&#8221;|||&#8221;][et_pb_text admin_label=&#8221;Title&#8221; _builder_version=&#8221;4.16&#8243; text_font=&#8221;||||||||&#8221; header_font=&#8221;||||||||&#8221; header_2_font=&#8221;|600|||||||&#8221; header_2_text_color=&#8221;#142750&#8243; header_2_font_size=&#8221;40px&#8221; header_2_line_height=&#8221;1.5em&#8221; header_4_text_color=&#8221;#142750&#8243; header_4_font_size=&#8221;25px&#8221; custom_margin=&#8221;||5px|&#8221; animation_style=&#8221;slide&#8221; animation_direction=&#8221;top&#8221; animation_intensity_slide=&#8221;20%&#8221; animation_starting_opacity=&#8221;100%&#8221; global_colors_info=&#8221;{}&#8221;]<\/p>\n<h2>Interested in joining?<\/h2>\n<p>[\/et_pb_text][\/et_pb_column][\/et_pb_row][\/et_pb_section]<\/p>\n","protected":false},"excerpt":{"rendered":"<p>\u00bfQuiere seguir conectado? ILLInet no est\u00e1 inscribiendo actualmente participantes en RECOVER. Sin embargo, otros estudios de COVID prolongado dirigidos por nuestros investigadores ILLInet est\u00e1n en marcha, incluidos los ensayos de [&hellip;]<\/p>\n","protected":false},"author":9,"featured_media":0,"parent":0,"menu_order":0,"comment_status":"closed","ping_status":"closed","template":"","meta":{"_et_pb_use_builder":"on","_et_pb_old_content":"","_et_gb_content_width":"","footnotes":""},"class_list":["post-6648","page","type-page","status-publish","hentry"],"yoast_head":"<!-- This site is optimized with the Yoast SEO plugin v19.8 - https:\/\/yoast.com\/wordpress\/plugins\/seo\/ -->\n<title>Contacto - ILLInet RECOVER<\/title>\n<meta name=\"robots\" content=\"index, follow, max-snippet:-1, max-image-preview:large, max-video-preview:-1\" \/>\n<link rel=\"canonical\" href=\"https:\/\/illinet.org\/es\/contacto\/\" \/>\n<meta property=\"og:locale\" content=\"es_MX\" \/>\n<meta property=\"og:type\" content=\"article\" \/>\n<meta property=\"og:title\" content=\"Contacto - ILLInet RECOVER\" \/>\n<meta property=\"og:description\" content=\"\u00bfQuiere seguir conectado? ILLInet no est\u00e1 inscribiendo actualmente participantes en RECOVER. Sin embargo, otros estudios de COVID prolongado dirigidos por nuestros investigadores ILLInet est\u00e1n en marcha, incluidos los ensayos de [&hellip;]\" \/>\n<meta property=\"og:url\" content=\"https:\/\/illinet.org\/es\/contacto\/\" \/>\n<meta property=\"og:site_name\" content=\"ILLInet RECOVER\" \/>\n<meta property=\"article:modified_time\" content=\"2025-08-22T16:26:48+00:00\" \/>\n<meta name=\"twitter:card\" content=\"summary_large_image\" \/>\n<meta name=\"twitter:label1\" content=\"Tiempo de lectura\" \/>\n\t<meta name=\"twitter:data1\" content=\"1 minuto\" \/>\n<script type=\"application\/ld+json\" class=\"yoast-schema-graph\">{\"@context\":\"https:\/\/schema.org\",\"@graph\":[{\"@type\":\"WebPage\",\"@id\":\"https:\/\/illinet.org\/es\/contacto\/\",\"url\":\"https:\/\/illinet.org\/es\/contacto\/\",\"name\":\"Contacto - ILLInet RECOVER\",\"isPartOf\":{\"@id\":\"https:\/\/illinet.org\/es\/#website\"},\"datePublished\":\"2025-08-22T16:26:18+00:00\",\"dateModified\":\"2025-08-22T16:26:48+00:00\",\"breadcrumb\":{\"@id\":\"https:\/\/illinet.org\/es\/contacto\/#breadcrumb\"},\"inLanguage\":\"es\",\"potentialAction\":[{\"@type\":\"ReadAction\",\"target\":[\"https:\/\/illinet.org\/es\/contacto\/\"]}]},{\"@type\":\"BreadcrumbList\",\"@id\":\"https:\/\/illinet.org\/es\/contacto\/#breadcrumb\",\"itemListElement\":[{\"@type\":\"ListItem\",\"position\":1,\"name\":\"Home\",\"item\":\"https:\/\/illinet.org\/es\/\"},{\"@type\":\"ListItem\",\"position\":2,\"name\":\"Contacto\"}]},{\"@type\":\"WebSite\",\"@id\":\"https:\/\/illinet.org\/es\/#website\",\"url\":\"https:\/\/illinet.org\/es\/\",\"name\":\"ILLInet RECOVER\",\"description\":\"Long-COVID Study in Illinois\",\"potentialAction\":[{\"@type\":\"SearchAction\",\"target\":{\"@type\":\"EntryPoint\",\"urlTemplate\":\"https:\/\/illinet.org\/es\/?s={search_term_string}\"},\"query-input\":\"required name=search_term_string\"}],\"inLanguage\":\"es\"}]}<\/script>\n<!-- \/ Yoast SEO plugin. -->","yoast_head_json":{"title":"Contacto - ILLInet RECOVER","robots":{"index":"index","follow":"follow","max-snippet":"max-snippet:-1","max-image-preview":"max-image-preview:large","max-video-preview":"max-video-preview:-1"},"canonical":"https:\/\/illinet.org\/es\/contacto\/","og_locale":"es_MX","og_type":"article","og_title":"Contacto - ILLInet RECOVER","og_description":"\u00bfQuiere seguir conectado? ILLInet no est\u00e1 inscribiendo actualmente participantes en RECOVER. Sin embargo, otros estudios de COVID prolongado dirigidos por nuestros investigadores ILLInet est\u00e1n en marcha, incluidos los ensayos de [&hellip;]","og_url":"https:\/\/illinet.org\/es\/contacto\/","og_site_name":"ILLInet RECOVER","article_modified_time":"2025-08-22T16:26:48+00:00","twitter_card":"summary_large_image","twitter_misc":{"Tiempo de lectura":"1 minuto"},"schema":{"@context":"https:\/\/schema.org","@graph":[{"@type":"WebPage","@id":"https:\/\/illinet.org\/es\/contacto\/","url":"https:\/\/illinet.org\/es\/contacto\/","name":"Contacto - ILLInet RECOVER","isPartOf":{"@id":"https:\/\/illinet.org\/es\/#website"},"datePublished":"2025-08-22T16:26:18+00:00","dateModified":"2025-08-22T16:26:48+00:00","breadcrumb":{"@id":"https:\/\/illinet.org\/es\/contacto\/#breadcrumb"},"inLanguage":"es","potentialAction":[{"@type":"ReadAction","target":["https:\/\/illinet.org\/es\/contacto\/"]}]},{"@type":"BreadcrumbList","@id":"https:\/\/illinet.org\/es\/contacto\/#breadcrumb","itemListElement":[{"@type":"ListItem","position":1,"name":"Home","item":"https:\/\/illinet.org\/es\/"},{"@type":"ListItem","position":2,"name":"Contacto"}]},{"@type":"WebSite","@id":"https:\/\/illinet.org\/es\/#website","url":"https:\/\/illinet.org\/es\/","name":"ILLInet RECOVER","description":"Long-COVID Study in Illinois","potentialAction":[{"@type":"SearchAction","target":{"@type":"EntryPoint","urlTemplate":"https:\/\/illinet.org\/es\/?s={search_term_string}"},"query-input":"required name=search_term_string"}],"inLanguage":"es"}]}},"jetpack_sharing_enabled":true,"_links":{"self":[{"href":"https:\/\/illinet.org\/es\/wp-json\/wp\/v2\/pages\/6648","targetHints":{"allow":["GET"]}}],"collection":[{"href":"https:\/\/illinet.org\/es\/wp-json\/wp\/v2\/pages"}],"about":[{"href":"https:\/\/illinet.org\/es\/wp-json\/wp\/v2\/types\/page"}],"author":[{"embeddable":true,"href":"https:\/\/illinet.org\/es\/wp-json\/wp\/v2\/users\/9"}],"replies":[{"embeddable":true,"href":"https:\/\/illinet.org\/es\/wp-json\/wp\/v2\/comments?post=6648"}],"version-history":[{"count":3,"href":"https:\/\/illinet.org\/es\/wp-json\/wp\/v2\/pages\/6648\/revisions"}],"predecessor-version":[{"id":6655,"href":"https:\/\/illinet.org\/es\/wp-json\/wp\/v2\/pages\/6648\/revisions\/6655"}],"wp:attachment":[{"href":"https:\/\/illinet.org\/es\/wp-json\/wp\/v2\/media?parent=6648"}],"curies":[{"name":"wp","href":"https:\/\/api.w.org\/{rel}","templated":true}]}}