{"id":1651,"date":"2022-02-04T16:38:05","date_gmt":"2022-02-04T16:38:05","guid":{"rendered":"https:\/\/illinet.org\/es\/new\/?page_id=1651"},"modified":"2022-07-06T14:19:41","modified_gmt":"2022-07-06T19:19:41","slug":"politica-de-policidad","status":"publish","type":"page","link":"https:\/\/illinet.org\/es\/politica-de-policidad\/","title":{"rendered":"Pol\u00edtica de Policidad"},"content":{"rendered":"<p>[et_pb_section fb_built=&#8221;1&#8243; _builder_version=&#8221;4.16&#8243; background_color=&#8221;#F7F5F0&#8243; global_colors_info=&#8221;{}&#8221;][et_pb_row _builder_version=&#8221;4.16&#8243; background_size=&#8221;initial&#8221; background_position=&#8221;top_left&#8221; background_repeat=&#8221;repeat&#8221; global_colors_info=&#8221;{}&#8221;][et_pb_column type=&#8221;4_4&#8243; _builder_version=&#8221;4.16&#8243; custom_padding=&#8221;|||&#8221; global_colors_info=&#8221;{}&#8221; custom_padding__hover=&#8221;|||&#8221;][et_pb_text _builder_version=&#8221;4.17.3&#8243; header_font=&#8221;|700|||on|||#000000|&#8221; background_size=&#8221;initial&#8221; background_position=&#8221;top_left&#8221; background_repeat=&#8221;repeat&#8221; global_colors_info=&#8221;{}&#8221;]<\/p>\n<h1>POL\u00cdTICA DE PRIVACIDAD<\/h1>\n<p>El sitio web de Illinet (Illinet.org) es una herramienta de la iniciativa RECOVER, fundada por los Institutos Nacionales de Salud (NIH, National Institutes of Health) y administrada por el Institute of Healthcare Delivery Design, parte de la Universidad de Illinois en Chicago. Esta Pol\u00edtica de privacidad describe qu\u00e9 informaci\u00f3n recopilamos en el sitio web y c\u00f3mo la usamos.<\/p>\n<p><strong>Al visitar el sitio web de RECOVER, significa que acepta esta Pol\u00edtica de privacidad.<\/strong><\/p>\n<h2 id=\"medDisclaimer\">Exenci\u00f3n de responsabilidad m\u00e9dica<\/h2>\n<p>Esto sitio web no est\u00e1 previsto para proporcionar atenci\u00f3n m\u00e9dica, consejos de salud ni tratamientos m\u00e9dicos. No utilice el sitio web de Illinet en lugar de consultar a un proveedor de servicios de salud.<\/p>\n<h2>Informaci\u00f3n personal<\/h2>\n<p>El sitio web de Illinet solo recopila informaci\u00f3n personal que usted proporciona de forma voluntaria. Puede elegir proporcionar la informaci\u00f3n en este sitio web para lo siguiente:<\/p>\n<ul>\n<li>suscribirse a un bolet\u00edn sobre la iniciativa;<\/li>\n<li>compartir el sitio web en las plataformas de sus redes sociales o a trav\u00e9s de correo electr\u00f3nico.<\/li>\n<\/ul>\n<h2>Informaci\u00f3n de uso del sitio web<\/h2>\n<p>Este sitio utiliza cookies para recopilar datos sobre el uso del sitio web. El uso de una cookie no est\u00e1 vinculado a su informaci\u00f3n personal.<\/p>\n<p>La informaci\u00f3n recopilada incluye lo siguiente:<\/p>\n<ul>\n<li>fecha y hora de su visita a este sitio web;<\/li>\n<li>p\u00e1ginas que visita en el sitio web;<\/li>\n<li>tiempo que dedica en cada p\u00e1gina;<\/li>\n<li>sus acciones en cada p\u00e1gina (por ejemplo, hacer clic en un bot\u00f3n);<\/li>\n<li>tipo de dispositivo que utiliza para visitar el sitio web (por ejemplo, tel\u00e9fono m\u00f3vil o equipo port\u00e1til);<\/li>\n<li>la direcci\u00f3n IP de su dispositivo (protocolo de Internet), que permite identificar un dispositivo en Internet, pero no a la persona que lo utiliza;<\/li>\n<li>el sistema operativo de su dispositivo (por ejemplo, Windows o iOS);<\/li>\n<li>el navegador que utiliza para visitar este sitio web.<\/li>\n<\/ul>\n<p>Utilizamos Google Analytics para recopilar y procesar los datos de uso del sitio web. Utilizamos la informaci\u00f3n de este servicio para analizar el tr\u00e1fico de nuestro sitio web y mejorar nuestro sitio. No realizamos el seguimiento de usuarios individuales ni vinculamos la informaci\u00f3n a ninguna otra base de datos para identificar a usuarios individuales.  \u00a0<a href=\"https:\/\/policies.google.com\/technologies\/partner-sites\" target=\"_blank\" rel=\"noopener\">Obtenga m\u00e1s informaci\u00f3n sobre c\u00f3mo Google recopila y utiliza los datos cuando usted utiliza nuestro sitio.\u00a0<\/a>.<\/p>\n<h2>V\u00ednculos a otros sitios web<\/h2>\n<p>Este sitio web contiene v\u00ednculos a otros sitios web, tal como se indica en este aviso gr\u00e1fico(<img decoding=\"async\" src=\"https:\/\/recovercovid.org\/images\/icon_external.svg\" alt=\"External link icon\" \/>). No somos responsables de las pr\u00e1cticas de privacidad de estos otros sitios. La vinculaci\u00f3n a un sitio web de fuero com\u00fan no indica que existe una autorizaci\u00f3n por parte de RECOVER en cuanto a los patrocinios o la informaci\u00f3n y los productos presentados en el sitio web. Recomendamos a nuestros usuarios que lean las pol\u00edticas de privacidad de cualquier sitio web al cual se conecten a trav\u00e9s del sitio web de RECOVER.\n<\/p>\n<p><strong>Si tiene preguntas sobre esta pol\u00edtica o alguna inquietud en cuanto a c\u00f3mo usamos su informaci\u00f3n, escriba a info@ILLInet.org. <\/a>\u00a0<\/strong><\/p>\n<h2>Versiones<\/h2>\n<p>Es posible que actualicemos esta Pol\u00edtica de privacidad. Publicaremos las actualizaciones en este sitio web. Si hacemos modificaciones importantes, trataremos de inform\u00e1rselo de manera directa. Por ejemplo, podemos enviarle un correo electr\u00f3nico o colocar un mensaje emergente en el sitio web o la aplicaci\u00f3n. Si visita el sitio web, significa que est\u00e1 de acuerdo con la Pol\u00edtica de privacidad actualizada.<\/p>\n<p>A continuaci\u00f3n, se proporciona una lista de las versiones de esta Pol\u00edtica de privacidad:<\/p>\n<p><cite>Versi\u00f3n 1 (27 de mayo de 2021)<\/cite><\/p>\n<p>[\/et_pb_text][\/et_pb_column][\/et_pb_row][\/et_pb_section]<\/p>\n","protected":false},"excerpt":{"rendered":"<p>POL\u00cdTICA DE PRIVACIDAD El sitio web de Illinet (Illinet.org) es una herramienta de la iniciativa RECOVER, fundada por los Institutos Nacionales de Salud (NIH, National Institutes of Health) y administrada [&hellip;]<\/p>\n","protected":false},"author":3,"featured_media":0,"parent":0,"menu_order":0,"comment_status":"closed","ping_status":"closed","template":"","meta":{"_et_pb_use_builder":"on","_et_pb_old_content":"<p>The Illinet website (Illinet.org)\u00a0 is a tool of the RECOVER Initiative, funded by the National Institutes of Health (NIH) and managed by RTI International. This Privacy Policy describes what information we collect on the website and how we use it.<\/p><p><strong>By visiting the RECOVER website, you agree to this Privacy Policy.<\/strong><\/p><h2 id=\"medDisclaimer\">Medical Disclaimer<\/h2><p>This website is not for medical care, advice, or treatment. Do not use the Illinet website in place of seeing a healthcare provider.<\/p><h2>Personal Information<\/h2><p>The Illinet website only collects personal information that you provide voluntarily. You may choose to provide your information on this website to:<\/p><ul><li>subscribe to a newsletter about the initiative, or<\/li><li>share the website on your social media platforms or via email.<\/li><\/ul><p>You may choose to sign up for email newsletters. We use Granicus GovDelivery to provide these newsletters. You can easily and quickly unsubscribe at any time.\u202f<a class=\"external\" href=\"https:\/\/subscriberhelp.granicus.com\/s\/article\/Privacy\" target=\"_blank\" rel=\"noopener\">Learn more about the Granicus GovDelivery privacy policy<\/a>.<\/p><p>You may also choose to use tools on our website to share a link to our website via Facebook, Twitter, or email. We use AddThis to provide these tools.\u202f<a class=\"external\" href=\"http:\/\/www.addthis.com\/privacy\/\" target=\"_blank\" rel=\"noopener\">Learn more about the AddThis privacy policy<\/a>.<\/p><h2>Website Usage Information<\/h2><p>The site uses cookies to collect data about website use. Usage of a cookie is not linked to your personal information.<\/p><p>The information collected includes:<\/p><ul><li>Date and time of your visit to this website<\/li><li>Pages you visit on the website<\/li><li>Time you spend on each page<\/li><li>Your actions on each page (e.g., clicking a button)<\/li><li>Type of device you use to visit the website (e.g., mobile phone or laptop)<\/li><li>Your device's IP (internet protocol) address, which identifies a device on the internet but not the person using the device<\/li><li>Your device's operating system (e.g., Windows or iOS)<\/li><li>The browser you use to visit this website<\/li><\/ul><p>We use Google Analytics to collect and process website use data. We use the information from this service to analyze our website traffic and to improve our site. We do not track individual users, and we do not link the information to any other database to identify individual users.\u00a0\u00a0<a href=\"https:\/\/policies.google.com\/technologies\/partner-sites\" target=\"_blank\" rel=\"noopener\">Learn more about how Google collects and uses data when you use our site<\/a>.<\/p><h2>Links to Other Websites<\/h2><p>This website contains links to other websites, as indicated by this graphic notice (<img src=\"https:\/\/recovercovid.org\/images\/icon_external.svg\" alt=\"External link icon\" \/>). We are not responsible for the privacy practices of these other sites. Linking to a non-federal website does not indicate an endorsement by RECOVER of the sponsors or of the information and products presented on the website. We encourage our users to read the privacy policies of any website to which they connect through\u202fthe RECOVER website.<\/p><p><strong>If you have questions about this policy or have any concerns about our use of your information, please\u202f<a href=\"\/contact\">CONTACT US<\/a>.\u00a0<\/strong><\/p><h2>Versions<\/h2><p>We may update this Privacy Policy. We will post updates on this website. If we make big changes, we will try to tell you directly. For example, we may send you an email or put a pop-up message on the website or app. If you visit the website, it means you agree to the updated Privacy Policy.<\/p><p>Here is a list of the versions of this Privacy Policy:<\/p><p><cite>Version 1 (27 May 2021)<\/cite><\/p>","_et_gb_content_width":"","footnotes":""},"class_list":["post-1651","page","type-page","status-publish","hentry"],"yoast_head":"<!-- This site is optimized with the Yoast SEO plugin v19.8 - https:\/\/yoast.com\/wordpress\/plugins\/seo\/ -->\n<title>Pol\u00edtica de Policidad - ILLInet RECOVER<\/title>\n<meta name=\"robots\" content=\"index, follow, max-snippet:-1, max-image-preview:large, max-video-preview:-1\" \/>\n<link rel=\"canonical\" href=\"https:\/\/illinet.org\/es\/politica-de-policidad\/\" \/>\n<meta property=\"og:locale\" content=\"es_MX\" \/>\n<meta property=\"og:type\" content=\"article\" \/>\n<meta property=\"og:title\" content=\"Pol\u00edtica de Policidad - ILLInet RECOVER\" \/>\n<meta property=\"og:description\" content=\"POL\u00cdTICA DE PRIVACIDAD El sitio web de Illinet (Illinet.org) es una herramienta de la iniciativa RECOVER, fundada por los Institutos Nacionales de Salud (NIH, National Institutes of Health) y administrada [&hellip;]\" \/>\n<meta property=\"og:url\" content=\"https:\/\/illinet.org\/es\/politica-de-policidad\/\" \/>\n<meta property=\"og:site_name\" content=\"ILLInet RECOVER\" \/>\n<meta property=\"article:modified_time\" content=\"2022-07-06T19:19:41+00:00\" \/>\n<meta property=\"og:image\" content=\"https:\/\/recovercovid.org\/images\/icon_external.svg\" \/>\n<meta name=\"twitter:card\" content=\"summary_large_image\" \/>\n<meta name=\"twitter:label1\" content=\"Tiempo de lectura\" \/>\n\t<meta name=\"twitter:data1\" content=\"3 minutos\" \/>\n<script type=\"application\/ld+json\" class=\"yoast-schema-graph\">{\"@context\":\"https:\/\/schema.org\",\"@graph\":[{\"@type\":\"WebPage\",\"@id\":\"https:\/\/illinet.org\/es\/politica-de-policidad\/\",\"url\":\"https:\/\/illinet.org\/es\/politica-de-policidad\/\",\"name\":\"Pol\u00edtica de Policidad - ILLInet RECOVER\",\"isPartOf\":{\"@id\":\"https:\/\/illinet.org\/es\/#website\"},\"datePublished\":\"2022-02-04T16:38:05+00:00\",\"dateModified\":\"2022-07-06T19:19:41+00:00\",\"breadcrumb\":{\"@id\":\"https:\/\/illinet.org\/es\/politica-de-policidad\/#breadcrumb\"},\"inLanguage\":\"es\",\"potentialAction\":[{\"@type\":\"ReadAction\",\"target\":[\"https:\/\/illinet.org\/es\/politica-de-policidad\/\"]}]},{\"@type\":\"BreadcrumbList\",\"@id\":\"https:\/\/illinet.org\/es\/politica-de-policidad\/#breadcrumb\",\"itemListElement\":[{\"@type\":\"ListItem\",\"position\":1,\"name\":\"Home\",\"item\":\"https:\/\/illinet.org\/es\/\"},{\"@type\":\"ListItem\",\"position\":2,\"name\":\"Pol\u00edtica de Policidad\"}]},{\"@type\":\"WebSite\",\"@id\":\"https:\/\/illinet.org\/es\/#website\",\"url\":\"https:\/\/illinet.org\/es\/\",\"name\":\"ILLInet RECOVER\",\"description\":\"Long-COVID Study in Illinois\",\"potentialAction\":[{\"@type\":\"SearchAction\",\"target\":{\"@type\":\"EntryPoint\",\"urlTemplate\":\"https:\/\/illinet.org\/es\/?s={search_term_string}\"},\"query-input\":\"required name=search_term_string\"}],\"inLanguage\":\"es\"}]}<\/script>\n<!-- \/ Yoast SEO plugin. -->","yoast_head_json":{"title":"Pol\u00edtica de Policidad - ILLInet RECOVER","robots":{"index":"index","follow":"follow","max-snippet":"max-snippet:-1","max-image-preview":"max-image-preview:large","max-video-preview":"max-video-preview:-1"},"canonical":"https:\/\/illinet.org\/es\/politica-de-policidad\/","og_locale":"es_MX","og_type":"article","og_title":"Pol\u00edtica de Policidad - ILLInet RECOVER","og_description":"POL\u00cdTICA DE PRIVACIDAD El sitio web de Illinet (Illinet.org) es una herramienta de la iniciativa RECOVER, fundada por los Institutos Nacionales de Salud (NIH, National Institutes of Health) y administrada [&hellip;]","og_url":"https:\/\/illinet.org\/es\/politica-de-policidad\/","og_site_name":"ILLInet RECOVER","article_modified_time":"2022-07-06T19:19:41+00:00","og_image":[{"url":"https:\/\/recovercovid.org\/images\/icon_external.svg"}],"twitter_card":"summary_large_image","twitter_misc":{"Tiempo de lectura":"3 minutos"},"schema":{"@context":"https:\/\/schema.org","@graph":[{"@type":"WebPage","@id":"https:\/\/illinet.org\/es\/politica-de-policidad\/","url":"https:\/\/illinet.org\/es\/politica-de-policidad\/","name":"Pol\u00edtica de Policidad - ILLInet RECOVER","isPartOf":{"@id":"https:\/\/illinet.org\/es\/#website"},"datePublished":"2022-02-04T16:38:05+00:00","dateModified":"2022-07-06T19:19:41+00:00","breadcrumb":{"@id":"https:\/\/illinet.org\/es\/politica-de-policidad\/#breadcrumb"},"inLanguage":"es","potentialAction":[{"@type":"ReadAction","target":["https:\/\/illinet.org\/es\/politica-de-policidad\/"]}]},{"@type":"BreadcrumbList","@id":"https:\/\/illinet.org\/es\/politica-de-policidad\/#breadcrumb","itemListElement":[{"@type":"ListItem","position":1,"name":"Home","item":"https:\/\/illinet.org\/es\/"},{"@type":"ListItem","position":2,"name":"Pol\u00edtica de Policidad"}]},{"@type":"WebSite","@id":"https:\/\/illinet.org\/es\/#website","url":"https:\/\/illinet.org\/es\/","name":"ILLInet RECOVER","description":"Long-COVID Study in Illinois","potentialAction":[{"@type":"SearchAction","target":{"@type":"EntryPoint","urlTemplate":"https:\/\/illinet.org\/es\/?s={search_term_string}"},"query-input":"required name=search_term_string"}],"inLanguage":"es"}]}},"jetpack_sharing_enabled":true,"_links":{"self":[{"href":"https:\/\/illinet.org\/es\/wp-json\/wp\/v2\/pages\/1651","targetHints":{"allow":["GET"]}}],"collection":[{"href":"https:\/\/illinet.org\/es\/wp-json\/wp\/v2\/pages"}],"about":[{"href":"https:\/\/illinet.org\/es\/wp-json\/wp\/v2\/types\/page"}],"author":[{"embeddable":true,"href":"https:\/\/illinet.org\/es\/wp-json\/wp\/v2\/users\/3"}],"replies":[{"embeddable":true,"href":"https:\/\/illinet.org\/es\/wp-json\/wp\/v2\/comments?post=1651"}],"version-history":[{"count":18,"href":"https:\/\/illinet.org\/es\/wp-json\/wp\/v2\/pages\/1651\/revisions"}],"predecessor-version":[{"id":3166,"href":"https:\/\/illinet.org\/es\/wp-json\/wp\/v2\/pages\/1651\/revisions\/3166"}],"wp:attachment":[{"href":"https:\/\/illinet.org\/es\/wp-json\/wp\/v2\/media?parent=1651"}],"curies":[{"name":"wp","href":"https:\/\/api.w.org\/{rel}","templated":true}]}}